{"id":9,"date":"2019-05-04T13:58:44","date_gmt":"2019-05-04T11:58:44","guid":{"rendered":"http:\/\/www.christophedubois.fr\/cv\/?page_id=9"},"modified":"2024-06-20T22:43:33","modified_gmt":"2024-06-20T20:43:33","slug":"competences","status":"publish","type":"page","link":"https:\/\/www.christophedubois.fr\/cv\/competences\/","title":{"rendered":"Comp\u00e9tences"},"content":{"rendered":"<div class=\"wp-block-image\">\n<figure class=\"aligncenter is-resized\"><img loading=\"lazy\" decoding=\"async\" width=\"859\" height=\"815\" src=\"http:\/\/www.christophedubois.fr\/cv\/wp-content\/uploads\/2019\/05\/nuage.png\" alt=\"\" class=\"wp-image-149\" style=\"width:644px;height:611px\" srcset=\"https:\/\/www.christophedubois.fr\/cv\/wp-content\/uploads\/2019\/05\/nuage.png 859w, https:\/\/www.christophedubois.fr\/cv\/wp-content\/uploads\/2019\/05\/nuage-300x285.png 300w, https:\/\/www.christophedubois.fr\/cv\/wp-content\/uploads\/2019\/05\/nuage-768x729.png 768w, https:\/\/www.christophedubois.fr\/cv\/wp-content\/uploads\/2019\/05\/nuage-100x95.png 100w, https:\/\/www.christophedubois.fr\/cv\/wp-content\/uploads\/2019\/05\/nuage-150x142.png 150w, https:\/\/www.christophedubois.fr\/cv\/wp-content\/uploads\/2019\/05\/nuage-200x190.png 200w, https:\/\/www.christophedubois.fr\/cv\/wp-content\/uploads\/2019\/05\/nuage-450x427.png 450w, https:\/\/www.christophedubois.fr\/cv\/wp-content\/uploads\/2019\/05\/nuage-600x569.png 600w\" sizes=\"auto, (max-width: 859px) 100vw, 859px\" \/><\/figure><\/div>\n\n\n<h2 class=\"wp-block-heading has-text-align-center\">Enseignement <\/h2>\n\n\n\n<br>\n\n\n\n<h3 class=\"wp-block-heading\"><em><strong>Comp\u00e9tences Disciplinaires :  <\/strong><\/em><\/h3>\n\n\n\n<p>Marketing \/ Gestion commerciale \/ \u00c9conomie g\u00e9n\u00e9rale \/  \u00c9conomie d&rsquo;entreprise \/ Droit \/ Bureautique<\/p>\n\n\n\n<br>\n\n\n\n<h3 class=\"wp-block-heading\"><em><strong>Comp\u00e9tences P\u00e9dagogiques et Didactiques :<\/strong><\/em><\/h3>\n\n\n\n<p>&#8211; Utilisation  d&rsquo;outils num\u00e9riques : salle pupitre \/ tablettes \/ smartphone<br>&#8211; Cr\u00e9ation de contenus : manuel scolaire et contenus num\u00e9rique. <br>&#8211; \u00c9valuations par comp\u00e9tences.<\/p>\n\n\n\n<br>\n\n\n\n<h3 class=\"wp-block-heading\"><em><strong>Num\u00e9rique \u00e9ducatif<\/strong><\/em><\/h3>\n\n\n\n<p>&#8211; Cr\u00e9ation et publication de contenu web pour la communication institutionnelle de l&rsquo;\u00e9tablissement.<br>&#8211; Cr\u00e9ation de supports p\u00e9dagogiques dynamiques et interactifs. <br> &#8211; Utilisation de plateformes d&rsquo;apprentissages (ENT, Magist\u00e8re, Tactil\u00e9o ) <br> &#8211; Participation au projet Deffinum RvRC 4.0 : La R\u00e9alit\u00e9 Virtuelle au service de la Relation Client. <br> &#8211; Formation \u00e0 l&rsquo;utilisation de la plateforme VECOS \u00ab\u00a0Virtual education collaborative system\u00a0\u00bb pour la cr\u00e9ation de contenus p\u00e9dagogiques 3D  <\/p>\n\n\n\n<p><br><\/p>\n\n\n\n<h2 class=\"wp-block-heading has-text-align-center\">Informatique<\/h2>\n\n\n\n<br>\n\n\n\n<h3 class=\"wp-block-heading\"><em>R\u00e9seau<\/em><\/h3>\n\n\n\n<p> &#8211; Administration du r\u00e9seau informatique du lyc\u00e9e : utilisation et param\u00e9trage d&rsquo;un serveur kwartz, gestion des comptes, des profils utilisateurs et des postes informatiques (param\u00e9trage de Windows, inscription au domaine, cr\u00e9ation des images,&#8230;), \u00e9dition des r\u00e8gles d\u2019acc\u00e8s \u00e0 Internet,  diagnostics des pannes et coordination avec l&rsquo;UTIL. <br>&#8211; Administration de l&rsquo;application de vie scolaire Pronote :  installation et  param\u00e9trage du serveur et des clients, gestion des donn\u00e9es, gestion des profils d&rsquo;utilisateurs.<\/p>\n\n\n\n<br>\n\n\n\n<h3 class=\"wp-block-heading\"><em>Web<\/em><\/h3>\n\n\n\n<p>&#8211; Installation et Administration de sites Internet et de leurs bases de donn\u00e9es via un h\u00e9bergement OVH.  <br>&#8211; Utilisation de plusieurs CMS : WordPress, Prestashop, Plone. <br>&#8211; Connaissances en codes Html, CSS et PHP.<\/p>\n\n\n\n<br>\n\n\n\n<h3 class=\"wp-block-heading\"><em>Logiciels et applications<\/em><\/h3>\n\n\n\n<p>&#8211; <strong>Gestion de caisse : <\/strong>Kezia II <br>&#8211; <strong>Bureautique<\/strong> : Suite Libre office \/ Microsoft Office <br>&#8211; <strong>PAO<\/strong> : Photoshop,  Acrobat<br>&#8211; <strong>Vid\u00e9o<\/strong>  : Pinnacle studio, OBS studio 25, Open shot vid\u00e9o<br>&#8211; <strong>D\u00e9veloppement<\/strong> :  Visual basic, Notepad ++, Filezilla <br>&#8211; <strong>Assistance<\/strong> : Bureau \u00e0 distance Windows; Teamviewer<br><br><\/p>\n\n\n\n<p><br><\/p>\n\n\n\n<p><\/p>\n","protected":false},"excerpt":{"rendered":"<p>Enseignement Comp\u00e9tences Disciplinaires : Marketing \/ Gestion commerciale \/ \u00c9conomie g\u00e9n\u00e9rale \/ \u00c9conomie d&rsquo;entreprise \/ Droit \/ Bureautique Comp\u00e9tences P\u00e9dagogiques et Didactiques : &#8211; Utilisation d&rsquo;outils num\u00e9riques : salle pupitre \/ tablettes \/ smartphone&#8211; Cr\u00e9ation de contenus : manuel scolaire et contenus num\u00e9rique. &#8211; \u00c9valuations par comp\u00e9tences. Num\u00e9rique \u00e9ducatif &#8211; [&hellip;]<\/p>\n","protected":false},"author":1,"featured_media":0,"parent":0,"menu_order":0,"comment_status":"closed","ping_status":"closed","template":"","meta":{"ngg_post_thumbnail":0,"footnotes":""},"class_list":["post-9","page","type-page","status-publish","hentry"],"_links":{"self":[{"href":"https:\/\/www.christophedubois.fr\/cv\/wp-json\/wp\/v2\/pages\/9","targetHints":{"allow":["GET"]}}],"collection":[{"href":"https:\/\/www.christophedubois.fr\/cv\/wp-json\/wp\/v2\/pages"}],"about":[{"href":"https:\/\/www.christophedubois.fr\/cv\/wp-json\/wp\/v2\/types\/page"}],"author":[{"embeddable":true,"href":"https:\/\/www.christophedubois.fr\/cv\/wp-json\/wp\/v2\/users\/1"}],"replies":[{"embeddable":true,"href":"https:\/\/www.christophedubois.fr\/cv\/wp-json\/wp\/v2\/comments?post=9"}],"version-history":[{"count":63,"href":"https:\/\/www.christophedubois.fr\/cv\/wp-json\/wp\/v2\/pages\/9\/revisions"}],"predecessor-version":[{"id":875,"href":"https:\/\/www.christophedubois.fr\/cv\/wp-json\/wp\/v2\/pages\/9\/revisions\/875"}],"wp:attachment":[{"href":"https:\/\/www.christophedubois.fr\/cv\/wp-json\/wp\/v2\/media?parent=9"}],"curies":[{"name":"wp","href":"https:\/\/api.w.org\/{rel}","templated":true}]}}