{"id":7,"date":"2019-05-04T13:58:24","date_gmt":"2019-05-04T11:58:24","guid":{"rendered":"http:\/\/www.christophedubois.fr\/cv\/?page_id=7"},"modified":"2025-05-09T10:59:03","modified_gmt":"2025-05-09T08:59:03","slug":"experience","status":"publish","type":"page","link":"https:\/\/www.christophedubois.fr\/cv\/experience\/","title":{"rendered":"Exp\u00e9rience"},"content":{"rendered":"\n<div class='white' style='background:rgba(0,0,0,0); border:solid 0px rgba(0,0,0,0); border-radius:0px; padding:0px 0px 0px 0px;'>\n<div id='slider_99' class='owl-carousel sa_owl_theme autohide-arrows' data-slider-id='slider_99' style='visibility:hidden;'>\n<div id='slider_99_slide01' class='sa_hover_container' style='padding:5% 5%; margin:0px 0%; background-image:url(&quot;https:\/\/www.christophedubois.fr\/cv\/wp-content\/uploads\/2019\/05\/photo-educ.jpg&quot;); background-position:center center; background-size:contain; background-repeat:no-repeat; '><\/div>\n<div id='slider_99_slide02' class='sa_hover_container' style='padding:5% 5%; margin:0px 0%; background-image:url(&quot;https:\/\/www.christophedubois.fr\/cv\/wp-content\/uploads\/2019\/05\/ULCO.png&quot;); background-position:center center; background-size:contain; background-repeat:no-repeat; '><\/div>\n<div id='slider_99_slide03' class='sa_hover_container' style='padding:5% 5%; margin:0px 0%; background-image:url(&quot;https:\/\/www.christophedubois.fr\/cv\/wp-content\/uploads\/2019\/05\/logo_institut_hazebrouck.png&quot;); background-position:center center; background-size:contain; background-repeat:no-repeat; '><\/div>\n<div id='slider_99_slide04' class='sa_hover_container' style='padding:5% 5%; margin:0px 0%; background-image:url(&quot;https:\/\/www.christophedubois.fr\/cv\/wp-content\/uploads\/2019\/05\/foucher.jpg&quot;); background-position:center center; background-size:contain; background-repeat:no-repeat; '><\/div>\n<div id='slider_99_slide05' class='sa_hover_container' style='padding:5% 5%; margin:0px 0%; background-image:url(&quot;https:\/\/www.christophedubois.fr\/cv\/wp-content\/uploads\/2019\/05\/dafop.png&quot;); background-position:center center; background-size:contain; background-repeat:no-repeat; '><\/div>\n<\/div>\n<\/div>\n<script type='text\/javascript'>\n\tjQuery(document).ready(function() {\n\t\tjQuery('#slider_99').owlCarousel({\n\t\t\titems : 1,\n\t\t\tsmartSpeed : 500,\n\t\t\tautoplay : true,\n\t\t\tautoplayTimeout : 2500,\n\t\t\tautoplayHoverPause : true,\n\t\t\tsmartSpeed : 500,\n\t\t\tfluidSpeed : 500,\n\t\t\tautoplaySpeed : 500,\n\t\t\tnavSpeed : 500,\n\t\t\tdotsSpeed : 500,\n\t\t\tloop : true,\n\t\t\tnav : false,\n\t\t\tnavText : ['Previous','Next'],\n\t\t\tdots : false,\n\t\t\tresponsiveRefreshRate : 200,\n\t\t\tslideBy : 1,\n\t\t\tmergeFit : true,\n\t\t\tautoHeight : false,\n\t\t\tmouseDrag : false,\n\t\t\ttouchDrag : false\n\t\t});\n\t\tjQuery('#slider_99').css('visibility', 'visible');\n\t\tsa_resize_slider_99();\n\t\twindow.addEventListener('resize', sa_resize_slider_99);\n\t\tfunction sa_resize_slider_99() {\n\t\t\tvar min_height = '20';\n\t\t\tvar win_width = jQuery(window).width();\n\t\t\tvar slider_width = jQuery('#slider_99').width();\n\t\t\tif (win_width < 480) {\n\t\t\t\tvar slide_width = slider_width \/ 1;\n\t\t\t} else if (win_width < 768) {\n\t\t\t\tvar slide_width = slider_width \/ 1;\n\t\t\t} else if (win_width < 980) {\n\t\t\t\tvar slide_width = slider_width \/ 1;\n\t\t\t} else if (win_width < 1200) {\n\t\t\t\tvar slide_width = slider_width \/ 1;\n\t\t\t} else if (win_width < 1500) {\n\t\t\t\tvar slide_width = slider_width \/ 1;\n\t\t\t} else {\n\t\t\t\tvar slide_width = slider_width \/ 1;\n\t\t\t}\n\t\t\tslide_width = Math.round(slide_width);\n\t\t\tvar slide_height = '0';\n\t\t\tif (min_height == 'aspect43') {\n\t\t\t\tslide_height = (slide_width \/ 4) * 3;\t\t\t\tslide_height = Math.round(slide_height);\n\t\t\t} else if (min_height == 'aspect169') {\n\t\t\t\tslide_height = (slide_width \/ 16) * 9;\t\t\t\tslide_height = Math.round(slide_height);\n\t\t\t} else {\n\t\t\t\tslide_height = (slide_width \/ 100) * min_height;\t\t\t\tslide_height = Math.round(slide_height);\n\t\t\t}\n\t\t\tjQuery('#slider_99 .owl-item .sa_hover_container').css('min-height', slide_height+'px');\n\t\t}\n\t\tvar owl_goto = jQuery('#slider_99');\n\t\tjQuery('.slider_99_goto1').click(function(event){\n\t\t\towl_goto.trigger('to.owl.carousel', 0);\n\t\t});\n\t\tjQuery('.slider_99_goto2').click(function(event){\n\t\t\towl_goto.trigger('to.owl.carousel', 1);\n\t\t});\n\t\tjQuery('.slider_99_goto3').click(function(event){\n\t\t\towl_goto.trigger('to.owl.carousel', 2);\n\t\t});\n\t\tjQuery('.slider_99_goto4').click(function(event){\n\t\t\towl_goto.trigger('to.owl.carousel', 3);\n\t\t});\n\t\tjQuery('.slider_99_goto5').click(function(event){\n\t\t\towl_goto.trigger('to.owl.carousel', 4);\n\t\t});\n\t\tvar resize_99 = jQuery('.owl-carousel');\n\t\tresize_99.on('initialized.owl.carousel', function(e) {\n\t\t\tif (typeof(Event) === 'function') {\n\t\t\t\twindow.dispatchEvent(new Event('resize'));\n\t\t\t} else {\n\t\t\t\tvar evt = window.document.createEvent('UIEvents');\n\t\t\t\tevt.initUIEvent('resize', true, false, window, 0);\n\t\t\t\twindow.dispatchEvent(evt);\n\t\t\t}\n\t\t});\n\t});\n<\/script>\n\n\n\n\n<figure class=\"wp-block-image is-resized\"><img loading=\"lazy\" decoding=\"async\" width=\"193\" height=\"161\" src=\"https:\/\/www.christophedubois.fr\/cv\/wp-content\/uploads\/2022\/10\/blanc.png\" alt=\"\" class=\"wp-image-742\" style=\"width:61px;height:49px\"\/><\/figure>\n\n\n\n<p><strong>Depuis 2024 : <\/strong>Formateur aupr\u00e8s de la <em>D\u00e9l\u00e9gation R\u00e9gionale Acad\u00e9mique au Num\u00e9rique Educatif<\/em>\u00a0 de l&rsquo;acad\u00e9mie de Lille<\/p>\n\n\n\n<p><strong>Depuis 2024 : <\/strong>Formateur PROFAN Transfert<\/p>\n\n\n\n<p><strong> 2018 \/2024: <\/strong>Professeur vacataire en licence professionnelle \u00ab\u00a0M\u00e9tier du Tourisme et des Loisirs\u00a0\u00bb  \u00e0 L&rsquo;IUT de Saint-Omer de l&rsquo;Universit\u00e9 Littoral C\u00f4te d&rsquo;Opale.<\/p>\n\n\n\n<p><strong>2015 \/ 2019:<\/strong> Formateur  sur la th\u00e9matique du num\u00e9rique \u00e9ducatif pour la D\u00e9l\u00e9gation Acad\u00e9mique \u00e0 la FOrmation des Personnels de l&rsquo;acad\u00e9mie de Lille .<\/p>\n\n\n\n<p><strong>2014 :<\/strong>  Auteur aux \u00e9ditions Foucher : <a rel=\"noreferrer noopener\" aria-label=\"Vendre EVS ECMS  (s\u2019ouvre dans un nouvel onglet)\" href=\"https:\/\/www.editions-foucher.fr\/livre\/vendre-c1-c2-c3-c4-cap-9782216127092\" target=\"_blank\">Vendre EVS ECMS.<\/a><\/p>\n\n\n\n<p><strong>Depuis 2013 :<\/strong> R\u00e9f\u00e9rent num\u00e9rique au lyc\u00e9e des deux caps.<\/p>\n\n\n\n<p><strong>Depuis 2009 :<\/strong> Professeur des lyc\u00e9es professionnels d&rsquo; \u00e9conomie et gestion option commerce et vente.<\/p>\n\n\n\n<p><strong>2007 :<\/strong> Professeur de commerce \u00e0 l&rsquo;Institut d&rsquo; Hazebrouck<\/p>\n\n\n\n<p><strong>2001-2007 <\/strong>: Surveillant d&rsquo;externat et d&rsquo;internat en coll\u00e8ge et lyc\u00e9e.<\/p>\n\n\n\n<p><strong>1998-2001 :<\/strong> Stages, travail saisonnier et int\u00e9rimaire ( Holcim, DK Immo , Conformara, ma\u00eetise-m\u00e9dia, Castorama, Bureau Vall\u00e9e,&#8230;)<\/p>\n","protected":false},"excerpt":{"rendered":"<p>Depuis 2024 : Formateur aupr\u00e8s de la D\u00e9l\u00e9gation R\u00e9gionale Acad\u00e9mique au Num\u00e9rique Educatif\u00a0 de l&rsquo;acad\u00e9mie de Lille Depuis 2024 : Formateur PROFAN Transfert 2018 \/2024: Professeur vacataire en licence professionnelle \u00ab\u00a0M\u00e9tier du Tourisme et des Loisirs\u00a0\u00bb \u00e0 L&rsquo;IUT de Saint-Omer de l&rsquo;Universit\u00e9 Littoral C\u00f4te d&rsquo;Opale. 2015 \/ 2019: Formateur sur [&hellip;]<\/p>\n","protected":false},"author":1,"featured_media":0,"parent":0,"menu_order":0,"comment_status":"closed","ping_status":"closed","template":"","meta":{"ngg_post_thumbnail":0,"footnotes":""},"class_list":["post-7","page","type-page","status-publish","hentry"],"_links":{"self":[{"href":"https:\/\/www.christophedubois.fr\/cv\/wp-json\/wp\/v2\/pages\/7","targetHints":{"allow":["GET"]}}],"collection":[{"href":"https:\/\/www.christophedubois.fr\/cv\/wp-json\/wp\/v2\/pages"}],"about":[{"href":"https:\/\/www.christophedubois.fr\/cv\/wp-json\/wp\/v2\/types\/page"}],"author":[{"embeddable":true,"href":"https:\/\/www.christophedubois.fr\/cv\/wp-json\/wp\/v2\/users\/1"}],"replies":[{"embeddable":true,"href":"https:\/\/www.christophedubois.fr\/cv\/wp-json\/wp\/v2\/comments?post=7"}],"version-history":[{"count":42,"href":"https:\/\/www.christophedubois.fr\/cv\/wp-json\/wp\/v2\/pages\/7\/revisions"}],"predecessor-version":[{"id":889,"href":"https:\/\/www.christophedubois.fr\/cv\/wp-json\/wp\/v2\/pages\/7\/revisions\/889"}],"wp:attachment":[{"href":"https:\/\/www.christophedubois.fr\/cv\/wp-json\/wp\/v2\/media?parent=7"}],"curies":[{"name":"wp","href":"https:\/\/api.w.org\/{rel}","templated":true}]}}