{"id":5,"date":"2019-05-04T13:57:03","date_gmt":"2019-05-04T11:57:03","guid":{"rendered":"http:\/\/www.christophedubois.fr\/cv\/?page_id=5"},"modified":"2024-06-21T10:32:45","modified_gmt":"2024-06-21T08:32:45","slug":"presentation","status":"publish","type":"page","link":"https:\/\/www.christophedubois.fr\/cv\/presentation\/","title":{"rendered":"Pr\u00e9sentation"},"content":{"rendered":"\n<p class=\"has-text-align-center has-medium-font-size\"><strong>Professeur de gestion commerciale en lyc\u00e9e professionnel et de communication web \u00e0 l&rsquo;Universit\u00e9 du Littoral C\u00f4te d&rsquo;Opale,  je suis passionn\u00e9 par le num\u00e9rique et engag\u00e9 dans son d\u00e9veloppement dans l&rsquo;enseignement.<\/strong><\/p>\n\n\n\n<p>Au lyc\u00e9e, j&rsquo;utilise les outils num\u00e9riques avec les \u00e9l\u00e8ves, notamment les tablettes. Je cr\u00e9e des supports de cours dynamiques que je mets en ligne sur un site Internet disciplinaire. En tant que r\u00e9f\u00e9rent num\u00e9rique,  j&rsquo;accompagne mes coll\u00e8gues dans leurs utilisations des ces nouveaux outils.<\/p>\n\n\n\n<p>Au niveau acad\u00e9mique,  j&rsquo;ai particip\u00e9 ponctuellement \u00e0 la formation de mes coll\u00e8gues en \u00e9tant ponctuellement formateur sur la th\u00e9matique du num\u00e9rique \u00e9ducatif pour la D\u00e9l\u00e9gation Acad\u00e9mique \u00e0 la formation des personnels de l\u2019acad\u00e9mie de Lille . <br><\/p>\n\n\n\n<p>\u00c0 l&rsquo;Universit\u00e9 du Littoral C\u00f4te d&rsquo;Opale (ULCO), je suis en charge de l&rsquo;enseignement d&rsquo;unit\u00e9s d&rsquo;enseignements portant sur la communication Web.  L&rsquo;objectif est  de faire d\u00e9couvrir aux \u00e9tudiants  les technologies du Web  afin de leur faire cr\u00e9er un site Internet. <br><\/p>\n\n\n\n<p><\/p>\n","protected":false},"excerpt":{"rendered":"<p>Professeur au lyc\u00e9e des deux caps de Marquise et \u00e0 l&rsquo;universit\u00e9 du littoral c\u00f4te d&rsquo;opale,  je suis passionn\u00e9 par le num\u00e9rique et engag\u00e9 dans son d\u00e9veloppement dans l&rsquo;enseignement&#8230;<\/p>\n","protected":false},"author":1,"featured_media":0,"parent":0,"menu_order":0,"comment_status":"closed","ping_status":"closed","template":"","meta":{"ngg_post_thumbnail":0,"footnotes":""},"class_list":["post-5","page","type-page","status-publish","hentry"],"_links":{"self":[{"href":"https:\/\/www.christophedubois.fr\/cv\/wp-json\/wp\/v2\/pages\/5","targetHints":{"allow":["GET"]}}],"collection":[{"href":"https:\/\/www.christophedubois.fr\/cv\/wp-json\/wp\/v2\/pages"}],"about":[{"href":"https:\/\/www.christophedubois.fr\/cv\/wp-json\/wp\/v2\/types\/page"}],"author":[{"embeddable":true,"href":"https:\/\/www.christophedubois.fr\/cv\/wp-json\/wp\/v2\/users\/1"}],"replies":[{"embeddable":true,"href":"https:\/\/www.christophedubois.fr\/cv\/wp-json\/wp\/v2\/comments?post=5"}],"version-history":[{"count":36,"href":"https:\/\/www.christophedubois.fr\/cv\/wp-json\/wp\/v2\/pages\/5\/revisions"}],"predecessor-version":[{"id":886,"href":"https:\/\/www.christophedubois.fr\/cv\/wp-json\/wp\/v2\/pages\/5\/revisions\/886"}],"wp:attachment":[{"href":"https:\/\/www.christophedubois.fr\/cv\/wp-json\/wp\/v2\/media?parent=5"}],"curies":[{"name":"wp","href":"https:\/\/api.w.org\/{rel}","templated":true}]}}