{"id":274,"date":"2019-05-09T17:00:24","date_gmt":"2019-05-09T15:00:24","guid":{"rendered":"http:\/\/www.christophedubois.fr\/cv\/?page_id=274"},"modified":"2024-06-20T22:54:03","modified_gmt":"2024-06-20T20:54:03","slug":"realisations","status":"publish","type":"page","link":"https:\/\/www.christophedubois.fr\/cv\/realisations\/","title":{"rendered":"R\u00e9alisations"},"content":{"rendered":"\n<h1 class=\"wp-block-heading has-text-align-center\"><\/h1>\n\n\n\n<h4 class=\"wp-block-heading has-text-align-center\"><strong>Cr\u00e9ation et administration d&rsquo;un site Internet portant sur la gestion commerciale<\/strong><\/h4>\n\n\n<div class=\"wp-block-image\">\n<figure class=\"aligncenter size-full\"><a href=\"https:\/\/gestionco.fr\/\" target=\"_blank\" rel=\"noreferrer noopener\"><img loading=\"lazy\" decoding=\"async\" width=\"807\" height=\"941\" src=\"https:\/\/www.christophedubois.fr\/cv\/wp-content\/uploads\/2024\/06\/gestionco-2.png\" alt=\"\" class=\"wp-image-826\" srcset=\"https:\/\/www.christophedubois.fr\/cv\/wp-content\/uploads\/2024\/06\/gestionco-2.png 807w, https:\/\/www.christophedubois.fr\/cv\/wp-content\/uploads\/2024\/06\/gestionco-2-257x300.png 257w, https:\/\/www.christophedubois.fr\/cv\/wp-content\/uploads\/2024\/06\/gestionco-2-768x896.png 768w\" sizes=\"auto, (max-width: 807px) 100vw, 807px\" \/><\/a><\/figure><\/div>\n\n\n<br>\n\n\n\n<h4 class=\"wp-block-heading has-text-align-center\"><strong>Gestion du site Internet et de l&rsquo;ENT du lyc\u00e9e des deux Caps<\/strong><\/h4>\n\n\n\n<h4 class=\"wp-block-heading has-text-align-center\"> <\/h4>\n\n\n\n<figure class=\"wp-block-image size-large\"><a href=\"https:\/\/lp-des-deux-caps-marquise.62.ac-lille.fr\/\"><img loading=\"lazy\" decoding=\"async\" width=\"1024\" height=\"569\" src=\"https:\/\/www.christophedubois.fr\/cv\/wp-content\/uploads\/2024\/06\/lycee-1024x569.png\" alt=\"\" class=\"wp-image-836\" srcset=\"https:\/\/www.christophedubois.fr\/cv\/wp-content\/uploads\/2024\/06\/lycee-1024x569.png 1024w, https:\/\/www.christophedubois.fr\/cv\/wp-content\/uploads\/2024\/06\/lycee-300x167.png 300w, https:\/\/www.christophedubois.fr\/cv\/wp-content\/uploads\/2024\/06\/lycee-768x427.png 768w, https:\/\/www.christophedubois.fr\/cv\/wp-content\/uploads\/2024\/06\/lycee-1536x853.png 1536w, https:\/\/www.christophedubois.fr\/cv\/wp-content\/uploads\/2024\/06\/lycee.png 1710w\" sizes=\"auto, (max-width: 1024px) 100vw, 1024px\" \/><\/a><\/figure>\n\n\n\n<br>\n\n\n\n<h4 class=\"wp-block-heading has-text-align-center\"><strong>R\u00e9alisation de vid\u00e9os p\u00e9dagogiques  <\/strong><\/h4>\n\n\n\n<iframe loading=\"lazy\" width=\"100%\" height=\"500\" src=\"https:\/\/www.youtube.com\/embed\/videoseries?list=PL_yFybRSwwBSrXavgogp4PARt1ESR-1gs\" title=\"YouTube video player\" frameborder=\"0\" allow=\"accelerometer; autoplay; clipboard-write; encrypted-media; gyroscope; picture-in-picture\" allowfullscreen=\"\"><\/iframe>\n\n\n\n<br><br>\n\n\n\n<h4 class=\"wp-block-heading has-text-align-center\"><strong>R\u00e9alisations de Pr\u00e9sentations avec Genially<\/strong><\/h4>\n\n\n\n<div style=\"width: 100%;\"><div style=\"position: relative; padding-bottom: 56.25%; padding-top: 0; height: 0;\"><iframe loading=\"lazy\" title=\"Portes-ouvertes-Lyc\u00e9e-des-2-caps-2021\" frameborder=\"0\" width=\"1200px\" height=\"675px\" style=\"position: absolute; top: 0; left: 0; width: 100%; height: 100%;\" src=\"https:\/\/view.genial.ly\/60168b3b22eaac0d7191f803\" type=\"text\/html\" allowscriptaccess=\"always\" allowfullscreen=\"true\" scrolling=\"yes\" allownetworking=\"all\"><\/iframe> <\/div> <\/div>\n\n\n\n<br>\n\n\n\n<h4 class=\"wp-block-heading has-text-align-center\"> <strong>Cr\u00e9ation de supports de formation et cr\u00e9ations d&rsquo; \u00e9valuations Dynamiques  <br>  avec la plateforme d&rsquo;apprentissage Tactil\u00e9o <\/strong><\/h4>\n\n\n<div class=\"wp-block-image\">\n<figure class=\"aligncenter is-resized\"><img loading=\"lazy\" decoding=\"async\" width=\"260\" height=\"194\" src=\"http:\/\/www.christophedubois.fr\/cv\/wp-content\/uploads\/2019\/05\/tactileo.png\" alt=\"\" class=\"wp-image-301\" style=\"width:188px;height:auto\" srcset=\"https:\/\/www.christophedubois.fr\/cv\/wp-content\/uploads\/2019\/05\/tactileo.png 260w, https:\/\/www.christophedubois.fr\/cv\/wp-content\/uploads\/2019\/05\/tactileo-100x75.png 100w, https:\/\/www.christophedubois.fr\/cv\/wp-content\/uploads\/2019\/05\/tactileo-150x112.png 150w, https:\/\/www.christophedubois.fr\/cv\/wp-content\/uploads\/2019\/05\/tactileo-200x149.png 200w\" sizes=\"auto, (max-width: 260px) 100vw, 260px\" \/><\/figure><\/div>\n\n\n<br>\n\n\n\n<h4 class=\"wp-block-heading has-text-align-center\"><strong>Cr\u00e9ation d&rsquo;applications et d&rsquo;\u00e9valuation sur tableur avec utilisation de fonctions automatis\u00e9es (macro)<\/strong><\/h4>\n\n\n\n<p class=\"has-text-align-center has-small-font-size\"><\/p>\n\n\n\n<figure class=\"wp-block-image size-full is-resized\"><img loading=\"lazy\" decoding=\"async\" width=\"789\" height=\"592\" src=\"https:\/\/www.christophedubois.fr\/cv\/wp-content\/uploads\/2024\/06\/livret.png\" alt=\"\" class=\"wp-image-838\" style=\"width:808px;height:auto\" srcset=\"https:\/\/www.christophedubois.fr\/cv\/wp-content\/uploads\/2024\/06\/livret.png 789w, https:\/\/www.christophedubois.fr\/cv\/wp-content\/uploads\/2024\/06\/livret-300x225.png 300w, https:\/\/www.christophedubois.fr\/cv\/wp-content\/uploads\/2024\/06\/livret-768x576.png 768w\" sizes=\"auto, (max-width: 789px) 100vw, 789px\" \/><\/figure>\n\n\n\n<br>\n\n\n\n<h4 class=\"wp-block-heading has-text-align-center\"><strong>Cr\u00e9ation d&rsquo;un Padlet pour la publication de supports de formation et de supports p\u00e9dagogique<\/strong><\/h4>\n\n\n\n<div class=\"padlet-embed\" style=\"border:1px solid rgba(0,0,0,0.1);border-radius:2px;box-sizing:border-box;overflow:hidden;position:relative;width:100%;background:#F4F4F4\"><p style=\"padding:0;margin:0\"><iframe src=\"https:\/\/padlet.com\/embed\/2wrw7hgqr4q7e88e\" frameborder=\"0\" allow=\"camera;microphone;geolocation\" style=\"width:100%;height:608px;display:block;padding:0;margin:0\"><\/iframe><\/p><div style=\"display:flex;align-items:center;justify-content:end;margin:0;height:28px\"><a href=\"https:\/\/padlet.com?ref=embed\" style=\"display:block;flex-grow:0;margin:0;border:none;padding:0;text-decoration:none\" target=\"_blank\" rel=\"noopener\"><div style=\"display:flex;align-items:center;\"><img loading=\"lazy\" decoding=\"async\" src=\"https:\/\/padlet.net\/embeds\/made_with_padlet_2022.png\" width=\"114\" height=\"28\" style=\"padding:0;margin:0;background:0 0;border:none;box-shadow:none\" alt=\"Fait avec Padlet\"><\/div><\/a><\/div><\/div>\n","protected":false},"excerpt":{"rendered":"<p>Cr\u00e9ation et administration d&rsquo;un site Internet portant sur la gestion commerciale Gestion du site Internet et de l&rsquo;ENT du lyc\u00e9e des deux Caps R\u00e9alisation de vid\u00e9os p\u00e9dagogiques R\u00e9alisations de Pr\u00e9sentations avec Genially Cr\u00e9ation de supports de formation et cr\u00e9ations d&rsquo; \u00e9valuations Dynamiques avec la plateforme d&rsquo;apprentissage Tactil\u00e9o Cr\u00e9ation d&rsquo;applications et [&hellip;]<\/p>\n","protected":false},"author":1,"featured_media":0,"parent":0,"menu_order":0,"comment_status":"closed","ping_status":"closed","template":"","meta":{"ngg_post_thumbnail":0,"footnotes":""},"class_list":["post-274","page","type-page","status-publish","hentry"],"_links":{"self":[{"href":"https:\/\/www.christophedubois.fr\/cv\/wp-json\/wp\/v2\/pages\/274","targetHints":{"allow":["GET"]}}],"collection":[{"href":"https:\/\/www.christophedubois.fr\/cv\/wp-json\/wp\/v2\/pages"}],"about":[{"href":"https:\/\/www.christophedubois.fr\/cv\/wp-json\/wp\/v2\/types\/page"}],"author":[{"embeddable":true,"href":"https:\/\/www.christophedubois.fr\/cv\/wp-json\/wp\/v2\/users\/1"}],"replies":[{"embeddable":true,"href":"https:\/\/www.christophedubois.fr\/cv\/wp-json\/wp\/v2\/comments?post=274"}],"version-history":[{"count":101,"href":"https:\/\/www.christophedubois.fr\/cv\/wp-json\/wp\/v2\/pages\/274\/revisions"}],"predecessor-version":[{"id":884,"href":"https:\/\/www.christophedubois.fr\/cv\/wp-json\/wp\/v2\/pages\/274\/revisions\/884"}],"wp:attachment":[{"href":"https:\/\/www.christophedubois.fr\/cv\/wp-json\/wp\/v2\/media?parent=274"}],"curies":[{"name":"wp","href":"https:\/\/api.w.org\/{rel}","templated":true}]}}