{"id":11,"date":"2019-05-04T14:00:44","date_gmt":"2019-05-04T12:00:44","guid":{"rendered":"http:\/\/www.christophedubois.fr\/cv\/?page_id=11"},"modified":"2025-05-09T11:13:16","modified_gmt":"2025-05-09T09:13:16","slug":"diplomes","status":"publish","type":"page","link":"https:\/\/www.christophedubois.fr\/cv\/diplomes\/","title":{"rendered":"Dipl\u00f4mes et formations"},"content":{"rendered":"<div class=\"wp-block-image\">\n<figure class=\"aligncenter is-resized\"><img loading=\"lazy\" decoding=\"async\" width=\"600\" height=\"576\" src=\"http:\/\/www.christophedubois.fr\/cv\/wp-content\/uploads\/2019\/05\/diplome.jpg\" alt=\"\" class=\"wp-image-176\" style=\"width:300px;height:288px\" srcset=\"https:\/\/www.christophedubois.fr\/cv\/wp-content\/uploads\/2019\/05\/diplome.jpg 600w, https:\/\/www.christophedubois.fr\/cv\/wp-content\/uploads\/2019\/05\/diplome-300x288.jpg 300w, https:\/\/www.christophedubois.fr\/cv\/wp-content\/uploads\/2019\/05\/diplome-100x96.jpg 100w, https:\/\/www.christophedubois.fr\/cv\/wp-content\/uploads\/2019\/05\/diplome-150x144.jpg 150w, https:\/\/www.christophedubois.fr\/cv\/wp-content\/uploads\/2019\/05\/diplome-200x192.jpg 200w, https:\/\/www.christophedubois.fr\/cv\/wp-content\/uploads\/2019\/05\/diplome-450x432.jpg 450w\" sizes=\"auto, (max-width: 600px) 100vw, 600px\" \/><\/figure><\/div>\n\n\n<h3 class=\"wp-block-heading has-text-align-center\">Dipl\u00f4mes et CERTIFICATIONS<\/h3>\n\n\n\n<p><strong>2023<\/strong> &nbsp;&nbsp;&nbsp;Admissibilit\u00e9 au certificat d&rsquo;aptitude aux fonctions de formateur acad\u00e9mique.<\/p>\n\n\n\n<p><strong>2020<\/strong> &nbsp;&nbsp;&nbsp;Master M\u00e9tier de l&rsquo;enseignement, de l&rsquo;\u00e9ducation et de la formation, Mention Pratiques et ing\u00e9nierie de la formation, Parcours Expertise de la Formation \/ Universit\u00e9 de Lille.<\/p>\n\n\n\n<p> <strong>2010 :<\/strong> Admissibilit\u00e9 au concours du Certificat d&rsquo;Aptitude au Professorat de l&rsquo;Enseignement Technique \u00e9conomie et gestion option marketing <\/p>\n\n\n\n<p> <strong>2009<\/strong> : Admission au  concours d&rsquo;acc\u00e8s au corps des professeurs de lyc\u00e9e professionnel  <br>\u00e9conomie et gestion option commerce et vente<\/p>\n\n\n\n<p><strong>2009 : <\/strong> Admissibilit\u00e9 au  concours du Certificat d&rsquo;Aptitude au Professorat de l&rsquo;Enseignement Technique \u00e9conomie et gestion option marketing  <\/p>\n\n\n\n<p><strong><br>2002 :<\/strong> Licence Administration \u00c9conomique et Sociale, Mention Techniques \u00c9conomiques et de Gestion Universit\u00e9 de Littoral &#8211; c\u00f4te d&rsquo;Opale<br><br><strong>2001<\/strong> : Brevet de Technicien sup\u00e9rieur Force de Vente &#8211; Acad\u00e9mie de Lille<br><br><strong>1998 :<\/strong> Baccalaur\u00e9at Technologique S\u00e9rie Sciences et technologies tertiaires sp\u00e9cialit\u00e9 Action et Communication commerciales<\/p>\n\n\n\n<p><br><\/p>\n\n\n\n<h3 class=\"wp-block-heading has-text-align-center\"><em>Formations acad\u00e9miques<\/em><\/h3>\n\n\n\n<div\n    class='wp-block-pdfp-pdf-poster  alignnone'\n    id='block-1'\n    data-attributes='{&quot;uniqueId&quot;:&quot;pdfpea6dfd0a&quot;,&quot;file&quot;:&quot;https:\\\/\\\/www.christophedubois.fr\\\/cv\\\/wp-content\\\/uploads\\\/2025\\\/05\\\/cv-formation3.pdf&quot;,&quot;height&quot;:&quot;4000px&quot;,&quot;width&quot;:&quot;150%&quot;,&quot;print&quot;:true,&quot;adobeOptions&quot;:{&quot;showDownloadPDF&quot;:true,&quot;showPrintPDF&quot;:true,&quot;showAnnotationTools&quot;:true,&quot;showFullScreen&quot;:false,&quot;embedMode&quot;:&quot;SIZED_CONTAINER&quot;,&quot;updated&quot;:true},&quot;CSS&quot;:&quot;.pdfpea6dfd0abtn {background: #2271b1; color: #fff; padding: 10px 20px 10px 10px}&quot;,&quot;align&quot;:&quot;none&quot;,&quot;alignment&quot;:&quot;left&quot;,&quot;title&quot;:&quot;&quot;,&quot;titleFontSize&quot;:&quot;16px&quot;,&quot;showName&quot;:false,&quot;onlyPDF&quot;:false,&quot;defaultBrowser&quot;:false,&quot;downloadButton&quot;:false,&quot;downloadButtonText&quot;:&quot;Download File&quot;,&quot;fullscreenButton&quot;:true,&quot;fullscreenButtonText&quot;:&quot;View Fullscreen&quot;,&quot;newWindow&quot;:false,&quot;protect&quot;:false,&quot;thumbMenu&quot;:false,&quot;sidebarOpen&quot;:false,&quot;initialPage&quot;:0,&quot;alert&quot;:false,&quot;lastVersion&quot;:false,&quot;hrScroll&quot;:false,&quot;isHideRightToolbar&quot;:false,&quot;additional&quot;:{&quot;ID&quot;:&quot;&quot;,&quot;Class&quot;:&quot;&quot;,&quot;CSS&quot;:&quot;&quot;},&quot;adobeEmbedder&quot;:false,&quot;popupOptions&quot;:{&quot;enabled&quot;:false,&quot;text&quot;:&quot;Open PDF&quot;,&quot;btnStyle&quot;:{&quot;background&quot;:&quot;#2271b1&quot;,&quot;color&quot;:&quot;#fff&quot;,&quot;fontSize&quot;:&quot;16px&quot;,&quot;padding&quot;:{&quot;top&quot;:10,&quot;right&quot;:20,&quot;bottom&quot;:10,&quot;left&quot;:10}}},&quot;popupBtnStyle&quot;:{&quot;background&quot;:&quot;#2271b1&quot;,&quot;color&quot;:&quot;#fff&quot;,&quot;padding&quot;:{&quot;top&quot;:10,&quot;right&quot;:20,&quot;bottom&quot;:10,&quot;left&quot;:10}},&quot;popupBtnText&quot;:&quot;Open Document&quot;}'\n    style=\"text-align: left\">\n    \n        <iframe loading=\"lazy\" title=\"\" style=\"border:0;\" width=\"100%\" height=\"800px\" class=\"pdfp_unsupported_frame\" src=\"\/\/docs.google.com\/gview?embedded=true&#038;url=https:\/\/www.christophedubois.fr\/cv\/wp-content\/uploads\/2025\/05\/cv-formation3.pdf\"><\/iframe>\n\n    <\/div>","protected":false},"excerpt":{"rendered":"<p>Dipl\u00f4mes et CERTIFICATIONS 2023 &nbsp;&nbsp;&nbsp;Admissibilit\u00e9 au certificat d&rsquo;aptitude aux fonctions de formateur acad\u00e9mique. 2020 &nbsp;&nbsp;&nbsp;Master M\u00e9tier de l&rsquo;enseignement, de l&rsquo;\u00e9ducation et de la formation, Mention Pratiques et ing\u00e9nierie de la formation, Parcours Expertise de la Formation \/ Universit\u00e9 de Lille. 2010 : Admissibilit\u00e9 au concours du Certificat d&rsquo;Aptitude au Professorat [&hellip;]<\/p>\n","protected":false},"author":1,"featured_media":0,"parent":0,"menu_order":0,"comment_status":"closed","ping_status":"closed","template":"","meta":{"ngg_post_thumbnail":0,"footnotes":""},"class_list":["post-11","page","type-page","status-publish","hentry"],"_links":{"self":[{"href":"https:\/\/www.christophedubois.fr\/cv\/wp-json\/wp\/v2\/pages\/11","targetHints":{"allow":["GET"]}}],"collection":[{"href":"https:\/\/www.christophedubois.fr\/cv\/wp-json\/wp\/v2\/pages"}],"about":[{"href":"https:\/\/www.christophedubois.fr\/cv\/wp-json\/wp\/v2\/types\/page"}],"author":[{"embeddable":true,"href":"https:\/\/www.christophedubois.fr\/cv\/wp-json\/wp\/v2\/users\/1"}],"replies":[{"embeddable":true,"href":"https:\/\/www.christophedubois.fr\/cv\/wp-json\/wp\/v2\/comments?post=11"}],"version-history":[{"count":43,"href":"https:\/\/www.christophedubois.fr\/cv\/wp-json\/wp\/v2\/pages\/11\/revisions"}],"predecessor-version":[{"id":892,"href":"https:\/\/www.christophedubois.fr\/cv\/wp-json\/wp\/v2\/pages\/11\/revisions\/892"}],"wp:attachment":[{"href":"https:\/\/www.christophedubois.fr\/cv\/wp-json\/wp\/v2\/media?parent=11"}],"curies":[{"name":"wp","href":"https:\/\/api.w.org\/{rel}","templated":true}]}}